{"id":548,"date":"2021-06-11T08:46:42","date_gmt":"2021-06-11T06:46:42","guid":{"rendered":"http:\/\/localhost:8888\/homosilvestriseuropae\/index.php\/andreas-kleinschmit-francais\/"},"modified":"2023-03-16T13:20:53","modified_gmt":"2023-03-16T12:20:53","slug":"andreas-nikolaus-kleinschmit-von-legenfeld-francais","status":"publish","type":"page","link":"https:\/\/homo-silvestris-europae.com\/index.php\/fr\/andreas-nikolaus-kleinschmit-von-legenfeld-francais\/","title":{"rendered":"Andreas Kleinschmit &#8211; Fran\u00e7ais"},"content":{"rendered":"","protected":false},"excerpt":{"rendered":"","protected":false},"author":1,"featured_media":0,"parent":0,"menu_order":0,"comment_status":"closed","ping_status":"open","template":"","meta":{"_monsterinsights_skip_tracking":false,"_monsterinsights_sitenote_active":false,"_monsterinsights_sitenote_note":"","_monsterinsights_sitenote_category":0,"footnotes":""},"class_list":["post-548","page","type-page","status-publish","hentry"],"yoast_head":"<!-- This site is optimized with the Yoast SEO plugin v22.3 - https:\/\/yoast.com\/wordpress\/plugins\/seo\/ -->\n<title>Andreas Kleinschmit - Fran\u00e7ais - Homo Silvestris Europae<\/title>\n<meta name=\"description\" content=\"Avec une exp\u00e9rience de plus de 30 ans, Homo Silvestris Europaevous conseille dans le positionnement et le renforcement en Europe de vos projets en bio-\u00e9conomie circulaire dans les secteurs de la for\u00eat et du mat\u00e9riau bois, de la construction et de l\u2019am\u00e9nagement, de l\u2019urbanisme, du d\u00e9veloppement rural, de l\u2019\u00e9ducation, de la recherche et de l\u2019innovation.\" \/>\n<meta name=\"robots\" content=\"noindex, follow\" \/>\n<meta property=\"og:locale\" content=\"fr_FR\" \/>\n<meta property=\"og:type\" content=\"article\" \/>\n<meta property=\"og:title\" content=\"Andreas Kleinschmit - Fran\u00e7ais - Homo Silvestris Europae\" \/>\n<meta property=\"og:description\" content=\"Avec une exp\u00e9rience de plus de 30 ans, Homo Silvestris Europaevous conseille dans le positionnement et le renforcement en Europe de vos projets en bio-\u00e9conomie circulaire dans les secteurs de la for\u00eat et du mat\u00e9riau bois, de la construction et de l\u2019am\u00e9nagement, de l\u2019urbanisme, du d\u00e9veloppement rural, de l\u2019\u00e9ducation, de la recherche et de l\u2019innovation.\" \/>\n<meta property=\"og:url\" content=\"https:\/\/homo-silvestris-europae.com\/index.php\/fr\/andreas-nikolaus-kleinschmit-von-legenfeld-francais\/\" \/>\n<meta property=\"og:site_name\" content=\"Homo Silvestris Europae\" \/>\n<meta property=\"article:modified_time\" content=\"2023-03-16T12:20:53+00:00\" \/>\n<meta name=\"twitter:card\" content=\"summary_large_image\" \/>\n<script type=\"application\/ld+json\" class=\"yoast-schema-graph\">{\"@context\":\"https:\/\/schema.org\",\"@graph\":[{\"@type\":\"WebPage\",\"@id\":\"https:\/\/homo-silvestris-europae.com\/index.php\/fr\/andreas-nikolaus-kleinschmit-von-legenfeld-francais\/\",\"url\":\"https:\/\/homo-silvestris-europae.com\/index.php\/fr\/andreas-nikolaus-kleinschmit-von-legenfeld-francais\/\",\"name\":\"Andreas Kleinschmit - Fran\u00e7ais - Homo Silvestris Europae\",\"isPartOf\":{\"@id\":\"https:\/\/homo-silvestris-europae.com\/#website\"},\"datePublished\":\"2021-06-11T06:46:42+00:00\",\"dateModified\":\"2023-03-16T12:20:53+00:00\",\"description\":\"Avec une exp\u00e9rience de plus de 30 ans, Homo Silvestris Europaevous conseille dans le positionnement et le renforcement en Europe de vos projets en bio-\u00e9conomie circulaire dans les secteurs de la for\u00eat et du mat\u00e9riau bois, de la construction et de l\u2019am\u00e9nagement, de l\u2019urbanisme, du d\u00e9veloppement rural, de l\u2019\u00e9ducation, de la recherche et de l\u2019innovation.\",\"breadcrumb\":{\"@id\":\"https:\/\/homo-silvestris-europae.com\/index.php\/fr\/andreas-nikolaus-kleinschmit-von-legenfeld-francais\/#breadcrumb\"},\"inLanguage\":\"fr-FR\",\"potentialAction\":[{\"@type\":\"ReadAction\",\"target\":[\"https:\/\/homo-silvestris-europae.com\/index.php\/fr\/andreas-nikolaus-kleinschmit-von-legenfeld-francais\/\"]}]},{\"@type\":\"BreadcrumbList\",\"@id\":\"https:\/\/homo-silvestris-europae.com\/index.php\/fr\/andreas-nikolaus-kleinschmit-von-legenfeld-francais\/#breadcrumb\",\"itemListElement\":[{\"@type\":\"ListItem\",\"position\":1,\"name\":\"Home\",\"item\":\"https:\/\/homo-silvestris-europae.com\/\"},{\"@type\":\"ListItem\",\"position\":2,\"name\":\"Andreas Kleinschmit &#8211; Fran\u00e7ais\"}]},{\"@type\":\"WebSite\",\"@id\":\"https:\/\/homo-silvestris-europae.com\/#website\",\"url\":\"https:\/\/homo-silvestris-europae.com\/\",\"name\":\"Homo Silvestris Europae\",\"description\":\"Your trusted partner for strategic development and vital growth\",\"potentialAction\":[{\"@type\":\"SearchAction\",\"target\":{\"@type\":\"EntryPoint\",\"urlTemplate\":\"https:\/\/homo-silvestris-europae.com\/?s={search_term_string}\"},\"query-input\":\"required name=search_term_string\"}],\"inLanguage\":\"fr-FR\"}]}<\/script>\n<!-- \/ Yoast SEO plugin. -->","yoast_head_json":{"title":"Andreas Kleinschmit - Fran\u00e7ais - Homo Silvestris Europae","description":"Avec une exp\u00e9rience de plus de 30 ans, Homo Silvestris Europaevous conseille dans le positionnement et le renforcement en Europe de vos projets en bio-\u00e9conomie circulaire dans les secteurs de la for\u00eat et du mat\u00e9riau bois, de la construction et de l\u2019am\u00e9nagement, de l\u2019urbanisme, du d\u00e9veloppement rural, de l\u2019\u00e9ducation, de la recherche et de l\u2019innovation.","robots":{"index":"noindex","follow":"follow"},"og_locale":"fr_FR","og_type":"article","og_title":"Andreas Kleinschmit - Fran\u00e7ais - Homo Silvestris Europae","og_description":"Avec une exp\u00e9rience de plus de 30 ans, Homo Silvestris Europaevous conseille dans le positionnement et le renforcement en Europe de vos projets en bio-\u00e9conomie circulaire dans les secteurs de la for\u00eat et du mat\u00e9riau bois, de la construction et de l\u2019am\u00e9nagement, de l\u2019urbanisme, du d\u00e9veloppement rural, de l\u2019\u00e9ducation, de la recherche et de l\u2019innovation.","og_url":"https:\/\/homo-silvestris-europae.com\/index.php\/fr\/andreas-nikolaus-kleinschmit-von-legenfeld-francais\/","og_site_name":"Homo Silvestris Europae","article_modified_time":"2023-03-16T12:20:53+00:00","twitter_card":"summary_large_image","schema":{"@context":"https:\/\/schema.org","@graph":[{"@type":"WebPage","@id":"https:\/\/homo-silvestris-europae.com\/index.php\/fr\/andreas-nikolaus-kleinschmit-von-legenfeld-francais\/","url":"https:\/\/homo-silvestris-europae.com\/index.php\/fr\/andreas-nikolaus-kleinschmit-von-legenfeld-francais\/","name":"Andreas Kleinschmit - Fran\u00e7ais - Homo Silvestris Europae","isPartOf":{"@id":"https:\/\/homo-silvestris-europae.com\/#website"},"datePublished":"2021-06-11T06:46:42+00:00","dateModified":"2023-03-16T12:20:53+00:00","description":"Avec une exp\u00e9rience de plus de 30 ans, Homo Silvestris Europaevous conseille dans le positionnement et le renforcement en Europe de vos projets en bio-\u00e9conomie circulaire dans les secteurs de la for\u00eat et du mat\u00e9riau bois, de la construction et de l\u2019am\u00e9nagement, de l\u2019urbanisme, du d\u00e9veloppement rural, de l\u2019\u00e9ducation, de la recherche et de l\u2019innovation.","breadcrumb":{"@id":"https:\/\/homo-silvestris-europae.com\/index.php\/fr\/andreas-nikolaus-kleinschmit-von-legenfeld-francais\/#breadcrumb"},"inLanguage":"fr-FR","potentialAction":[{"@type":"ReadAction","target":["https:\/\/homo-silvestris-europae.com\/index.php\/fr\/andreas-nikolaus-kleinschmit-von-legenfeld-francais\/"]}]},{"@type":"BreadcrumbList","@id":"https:\/\/homo-silvestris-europae.com\/index.php\/fr\/andreas-nikolaus-kleinschmit-von-legenfeld-francais\/#breadcrumb","itemListElement":[{"@type":"ListItem","position":1,"name":"Home","item":"https:\/\/homo-silvestris-europae.com\/"},{"@type":"ListItem","position":2,"name":"Andreas Kleinschmit &#8211; Fran\u00e7ais"}]},{"@type":"WebSite","@id":"https:\/\/homo-silvestris-europae.com\/#website","url":"https:\/\/homo-silvestris-europae.com\/","name":"Homo Silvestris Europae","description":"Your trusted partner for strategic development and vital growth","potentialAction":[{"@type":"SearchAction","target":{"@type":"EntryPoint","urlTemplate":"https:\/\/homo-silvestris-europae.com\/?s={search_term_string}"},"query-input":"required name=search_term_string"}],"inLanguage":"fr-FR"}]}},"_links":{"self":[{"href":"https:\/\/homo-silvestris-europae.com\/index.php\/wp-json\/wp\/v2\/pages\/548","targetHints":{"allow":["GET"]}}],"collection":[{"href":"https:\/\/homo-silvestris-europae.com\/index.php\/wp-json\/wp\/v2\/pages"}],"about":[{"href":"https:\/\/homo-silvestris-europae.com\/index.php\/wp-json\/wp\/v2\/types\/page"}],"author":[{"embeddable":true,"href":"https:\/\/homo-silvestris-europae.com\/index.php\/wp-json\/wp\/v2\/users\/1"}],"replies":[{"embeddable":true,"href":"https:\/\/homo-silvestris-europae.com\/index.php\/wp-json\/wp\/v2\/comments?post=548"}],"version-history":[{"count":1,"href":"https:\/\/homo-silvestris-europae.com\/index.php\/wp-json\/wp\/v2\/pages\/548\/revisions"}],"predecessor-version":[{"id":550,"href":"https:\/\/homo-silvestris-europae.com\/index.php\/wp-json\/wp\/v2\/pages\/548\/revisions\/550"}],"wp:attachment":[{"href":"https:\/\/homo-silvestris-europae.com\/index.php\/wp-json\/wp\/v2\/media?parent=548"}],"curies":[{"name":"wp","href":"https:\/\/api.w.org\/{rel}","templated":true}]}}